{"id":58,"date":"2020-03-11T12:10:26","date_gmt":"2020-03-11T11:10:26","guid":{"rendered":"https:\/\/www2.intas.sk\/?page_id=58"},"modified":"2024-08-01T08:14:50","modified_gmt":"2024-08-01T06:14:50","slug":"kontakt","status":"publish","type":"page","link":"https:\/\/intas.sk\/index.php\/kontakt\/","title":{"rendered":"KONTAKT"},"content":{"rendered":"\t\t<div data-elementor-type=\"wp-page\" data-elementor-id=\"58\" class=\"elementor elementor-58\" data-elementor-settings=\"[]\">\n\t\t\t<div class=\"elementor-inner\">\n\t\t\t\t<div class=\"elementor-section-wrap\">\n\t\t\t\t\t\t\t<section class=\"elementor-element elementor-element-c29ef21 elementor-section-boxed elementor-section-height-default elementor-section-height-default elementor-section elementor-top-section\" data-id=\"c29ef21\" data-element_type=\"section\">\n\t\t\t\t\t\t<div class=\"elementor-container elementor-column-gap-default\">\n\t\t\t\t<div class=\"elementor-row\">\n\t\t\t\t<div class=\"elementor-element elementor-element-c20496b elementor-column elementor-col-50 elementor-top-column\" data-id=\"c20496b\" data-element_type=\"column\">\n\t\t\t<div class=\"elementor-column-wrap  elementor-element-populated\">\n\t\t\t\t\t<div class=\"elementor-widget-wrap\">\n\t\t\t\t<div class=\"elementor-element elementor-element-a60f924 elementor-widget elementor-widget-text-editor\" data-id=\"a60f924\" data-element_type=\"widget\" data-widget_type=\"text-editor.default\">\n\t\t\t\t<div class=\"elementor-widget-container\">\n\t\t\t\t\t<div class=\"elementor-text-editor elementor-clearfix\"><p><strong>Faktura\u010dn\u00e9 \u00fadaje:<\/strong><\/p><p>Intas, s.r.o.<br \/>Stromov\u00e1 10<br \/>040 01 Ko\u0161ice<br \/>registr\u00e1cia: Obchodn\u00fd register Okresn\u00e9ho s\u00fadu Ko\u0161ice I,<br \/>Odd. Sro, Vlo\u017eka \u010d\u00edslo 6908\/V<br \/>konate\u013e: Ing. Oskar Svitani\u010d<\/p><p>I\u010cO: 31 716 008<br \/>DI\u010c: 2020482310<br \/>I\u010c DPH: SK 2020482310<br \/>Banka: Tatra banka, a.s.<br \/>Bankov\u00e9 spojenie: 2949004819\/1100<br \/>IBAN: SK63 1100 0000 0029 4900 4816<br \/>Swift k\u00f3d\u200e: \u200eTATRSKBX<\/p><p><span style=\"font-family: arial; font-size: small;\"><span style=\"font-family: arial; font-size: small;\"><span style=\"font-family: arial; font-size: small;\">\u00a0<\/span><\/span><\/span><\/p><\/div>\n\t\t\t\t<\/div>\n\t\t\t\t<\/div>\n\t\t\t\t\t\t<\/div>\n\t\t\t<\/div>\n\t\t<\/div>\n\t\t\t\t<div class=\"elementor-element elementor-element-25edb16 elementor-column elementor-col-50 elementor-top-column\" data-id=\"25edb16\" data-element_type=\"column\" data-settings=\"{&quot;background_background&quot;:&quot;gradient&quot;}\">\n\t\t\t<div class=\"elementor-column-wrap  elementor-element-populated\">\n\t\t\t\t\t<div class=\"elementor-widget-wrap\">\n\t\t\t\t<div class=\"elementor-element elementor-element-03f31d8 elementor-widget elementor-widget-image\" data-id=\"03f31d8\" data-element_type=\"widget\" data-widget_type=\"image.default\">\n\t\t\t\t<div class=\"elementor-widget-container\">\n\t\t\t\t\t<div class=\"elementor-image\">\n\t\t\t\t\t\t\t\t\t\t<img loading=\"lazy\" decoding=\"async\" width=\"1024\" height=\"640\" src=\"https:\/\/intas.sk\/wp-content\/uploads\/2020\/04\/o-nas-1024x640.png\" class=\"attachment-large size-large\" alt=\"\" srcset=\"https:\/\/intas.sk\/wp-content\/uploads\/2020\/04\/o-nas-1024x640.png 1024w, https:\/\/intas.sk\/wp-content\/uploads\/2020\/04\/o-nas-300x188.png 300w, https:\/\/intas.sk\/wp-content\/uploads\/2020\/04\/o-nas-768x480.png 768w, https:\/\/intas.sk\/wp-content\/uploads\/2020\/04\/o-nas-1536x960.png 1536w, https:\/\/intas.sk\/wp-content\/uploads\/2020\/04\/o-nas-2048x1280.png 2048w\" sizes=\"(max-width: 1024px) 100vw, 1024px\" \/>\t\t\t\t\t\t\t\t\t\t\t<\/div>\n\t\t\t\t<\/div>\n\t\t\t\t<\/div>\n\t\t\t\t\t\t<\/div>\n\t\t\t<\/div>\n\t\t<\/div>\n\t\t\t\t\t\t<\/div>\n\t\t\t<\/div>\n\t\t<\/section>\n\t\t\t\t\t\t<\/div>\n\t\t\t<\/div>\n\t\t<\/div>\n\t\t","protected":false},"excerpt":{"rendered":"<p>Faktura\u010dn\u00e9 \u00fadaje: Intas, s.r.o.Stromov\u00e1 10040 01 Ko\u0161iceregistr\u00e1cia: Obchodn\u00fd register Okresn\u00e9ho s\u00fadu Ko\u0161ice I,Odd. Sro, Vlo\u017eka \u010d\u00edslo 6908\/Vkonate\u013e: Ing. Oskar Svitani\u010d I\u010cO: 31 716 008DI\u010c: 2020482310I\u010c DPH: SK 2020482310Banka: Tatra banka, a.s.Bankov\u00e9 spojenie: 2949004819\/1100IBAN: SK63 1100 0000 0029 4900 4816Swift k\u00f3d\u200e: \u200eTATRSKBX \u00a0<\/p>\n","protected":false},"author":1,"featured_media":0,"parent":0,"menu_order":0,"comment_status":"closed","ping_status":"closed","template":"","meta":{"footnotes":""},"class_list":["post-58","page","type-page","status-publish","hentry","entry"],"_links":{"self":[{"href":"https:\/\/intas.sk\/index.php\/wp-json\/wp\/v2\/pages\/58"}],"collection":[{"href":"https:\/\/intas.sk\/index.php\/wp-json\/wp\/v2\/pages"}],"about":[{"href":"https:\/\/intas.sk\/index.php\/wp-json\/wp\/v2\/types\/page"}],"author":[{"embeddable":true,"href":"https:\/\/intas.sk\/index.php\/wp-json\/wp\/v2\/users\/1"}],"replies":[{"embeddable":true,"href":"https:\/\/intas.sk\/index.php\/wp-json\/wp\/v2\/comments?post=58"}],"version-history":[{"count":16,"href":"https:\/\/intas.sk\/index.php\/wp-json\/wp\/v2\/pages\/58\/revisions"}],"predecessor-version":[{"id":695,"href":"https:\/\/intas.sk\/index.php\/wp-json\/wp\/v2\/pages\/58\/revisions\/695"}],"wp:attachment":[{"href":"https:\/\/intas.sk\/index.php\/wp-json\/wp\/v2\/media?parent=58"}],"curies":[{"name":"wp","href":"https:\/\/api.w.org\/{rel}","templated":true}]}}