{"id":613,"date":"2020-04-03T10:26:33","date_gmt":"2020-04-03T08:26:33","guid":{"rendered":"https:\/\/www2.intas.sk\/?page_id=613"},"modified":"2024-08-23T12:52:20","modified_gmt":"2024-08-23T10:52:20","slug":"checkup","status":"publish","type":"page","link":"https:\/\/intas.sk\/index.php\/checkup\/","title":{"rendered":"CheckUp"},"content":{"rendered":"\t\t<div data-elementor-type=\"wp-page\" data-elementor-id=\"613\" class=\"elementor elementor-613\" data-elementor-settings=\"[]\">\n\t\t\t<div class=\"elementor-inner\">\n\t\t\t\t<div class=\"elementor-section-wrap\">\n\t\t\t\t\t\t\t<section class=\"elementor-element elementor-element-f4b11db elementor-section-boxed elementor-section-height-default elementor-section-height-default elementor-section elementor-top-section\" data-id=\"f4b11db\" data-element_type=\"section\" data-settings=\"{&quot;shape_divider_top&quot;:&quot;opacity-tilt&quot;,&quot;shape_divider_bottom&quot;:&quot;opacity-tilt&quot;}\">\n\t\t\t\t\t<div class=\"elementor-shape elementor-shape-top\" data-negative=\"false\">\n\t\t\t<svg xmlns=\"http:\/\/www.w3.org\/2000\/svg\" viewBox=\"0 0 2600 131.1\" preserveAspectRatio=\"none\">\n\t<path class=\"elementor-shape-fill\" d=\"M0 0L2600 0 2600 69.1 0 0z\"\/>\n\t<path class=\"elementor-shape-fill\" style=\"opacity:0.5\" d=\"M0 0L2600 0 2600 69.1 0 69.1z\"\/>\n\t<path class=\"elementor-shape-fill\" style=\"opacity:0.25\" d=\"M2600 0L0 0 0 130.1 2600 69.1z\"\/>\n<\/svg>\t\t<\/div>\n\t\t\t\t<div class=\"elementor-shape elementor-shape-bottom\" data-negative=\"false\">\n\t\t\t<svg xmlns=\"http:\/\/www.w3.org\/2000\/svg\" viewBox=\"0 0 2600 131.1\" preserveAspectRatio=\"none\">\n\t<path class=\"elementor-shape-fill\" d=\"M0 0L2600 0 2600 69.1 0 0z\"\/>\n\t<path class=\"elementor-shape-fill\" style=\"opacity:0.5\" d=\"M0 0L2600 0 2600 69.1 0 69.1z\"\/>\n\t<path class=\"elementor-shape-fill\" style=\"opacity:0.25\" d=\"M2600 0L0 0 0 130.1 2600 69.1z\"\/>\n<\/svg>\t\t<\/div>\n\t\t\t\t\t<div class=\"elementor-container elementor-column-gap-default\">\n\t\t\t\t<div class=\"elementor-row\">\n\t\t\t\t<div class=\"elementor-element elementor-element-440f153 elementor-column elementor-col-100 elementor-top-column\" data-id=\"440f153\" data-element_type=\"column\">\n\t\t\t<div class=\"elementor-column-wrap  elementor-element-populated\">\n\t\t\t\t\t<div class=\"elementor-widget-wrap\">\n\t\t\t\t<div class=\"elementor-element elementor-element-ab4d037 elementor-widget elementor-widget-spacer\" data-id=\"ab4d037\" data-element_type=\"widget\" data-widget_type=\"spacer.default\">\n\t\t\t\t<div class=\"elementor-widget-container\">\n\t\t\t\t\t<div class=\"elementor-spacer\">\n\t\t\t<div class=\"elementor-spacer-inner\"><\/div>\n\t\t<\/div>\n\t\t\t\t<\/div>\n\t\t\t\t<\/div>\n\t\t\t\t\t\t<\/div>\n\t\t\t<\/div>\n\t\t<\/div>\n\t\t\t\t\t\t<\/div>\n\t\t\t<\/div>\n\t\t<\/section>\n\t\t\t\t<section class=\"elementor-element elementor-element-2119b48 elementor-section-boxed elementor-section-height-default elementor-section-height-default elementor-section elementor-top-section\" data-id=\"2119b48\" data-element_type=\"section\">\n\t\t\t\t\t\t<div class=\"elementor-container elementor-column-gap-default\">\n\t\t\t\t<div class=\"elementor-row\">\n\t\t\t\t<div class=\"elementor-element elementor-element-2e6008b elementor-column elementor-col-50 elementor-top-column\" data-id=\"2e6008b\" data-element_type=\"column\" data-settings=\"{&quot;background_background&quot;:&quot;gradient&quot;}\">\n\t\t\t<div class=\"elementor-column-wrap  elementor-element-populated\">\n\t\t\t\t\t<div class=\"elementor-widget-wrap\">\n\t\t\t\t<div class=\"elementor-element elementor-element-839f4ea elementor-widget elementor-widget-image\" data-id=\"839f4ea\" data-element_type=\"widget\" data-widget_type=\"image.default\">\n\t\t\t\t<div class=\"elementor-widget-container\">\n\t\t\t\t\t<div class=\"elementor-image\">\n\t\t\t\t\t\t\t\t\t\t<img loading=\"lazy\" decoding=\"async\" width=\"300\" height=\"200\" src=\"https:\/\/intas.sk\/wp-content\/uploads\/2020\/03\/security_checkup_banner_2000x200.png\" class=\"attachment-large size-large\" alt=\"\" \/>\t\t\t\t\t\t\t\t\t\t\t<\/div>\n\t\t\t\t<\/div>\n\t\t\t\t<\/div>\n\t\t\t\t\t\t<\/div>\n\t\t\t<\/div>\n\t\t<\/div>\n\t\t\t\t<div class=\"elementor-element elementor-element-86524b5 elementor-column elementor-col-50 elementor-top-column\" data-id=\"86524b5\" data-element_type=\"column\">\n\t\t\t<div class=\"elementor-column-wrap  elementor-element-populated\">\n\t\t\t\t\t<div class=\"elementor-widget-wrap\">\n\t\t\t\t<div class=\"elementor-element elementor-element-735ef3c elementor-widget elementor-widget-text-editor\" data-id=\"735ef3c\" data-element_type=\"widget\" data-widget_type=\"text-editor.default\">\n\t\t\t\t<div class=\"elementor-widget-container\">\n\t\t\t\t\t<div class=\"elementor-text-editor elementor-clearfix\"><p><strong>\u010co je Security CheckUp a\u00a0ako mi pom\u00f4\u017ee?<\/strong><\/p><p>Najlep\u0161\u00ed a\u00a0najr\u00fdchlej\u0161\u00ed sp\u00f4sob ako sa dozviete o\u00a0probl\u00e9moch vo va\u0161ej sieti. Zist\u00edte, \u010di s\u00fa\u010dasn\u00e9 rie\u0161enie, ktor\u00e9 pou\u017e\u00edvate, v\u00e1m poskytuje dostato\u010dn\u00fa ochranu.<\/p><p><strong>\u010co sa dozviem?<\/strong><\/p><p>Po\u010det infekci\u00ed \u0161kodliv\u00fdm softv\u00e9rom.<br \/>Pou\u017eitie vysoko rizikov\u00fdch webov\u00fdch aplik\u00e1ci\u00ed.<br \/>Pokusy o prienik a\u00a0infekcie botnetom.<br \/>Mo\u017enos\u0165 straty citliv\u00fdch \u00fadajov.<br \/>Hrozby pre koncov\u00e9 body a mobiln\u00e9 zariadenia.<br \/>K\u013e\u00fa\u010dov\u00e9 odpor\u00fa\u010dania na ochranu va\u0161ej siete.<\/p><\/div>\n\t\t\t\t<\/div>\n\t\t\t\t<\/div>\n\t\t\t\t\t\t<\/div>\n\t\t\t<\/div>\n\t\t<\/div>\n\t\t\t\t\t\t<\/div>\n\t\t\t<\/div>\n\t\t<\/section>\n\t\t\t\t<section class=\"elementor-element elementor-element-6dda25e elementor-section-boxed elementor-section-height-default elementor-section-height-default elementor-section elementor-top-section\" data-id=\"6dda25e\" data-element_type=\"section\">\n\t\t\t\t\t\t<div class=\"elementor-container elementor-column-gap-default\">\n\t\t\t\t<div class=\"elementor-row\">\n\t\t\t\t<div class=\"elementor-element elementor-element-866c93f elementor-column elementor-col-100 elementor-top-column\" data-id=\"866c93f\" data-element_type=\"column\">\n\t\t\t<div class=\"elementor-column-wrap  elementor-element-populated\">\n\t\t\t\t\t<div class=\"elementor-widget-wrap\">\n\t\t\t\t<div class=\"elementor-element elementor-element-2a3b2d6 elementor-widget elementor-widget-text-editor\" data-id=\"2a3b2d6\" data-element_type=\"widget\" data-widget_type=\"text-editor.default\">\n\t\t\t\t<div class=\"elementor-widget-container\">\n\t\t\t\t\t<div class=\"elementor-text-editor elementor-clearfix\"><p>Ako<strong> vyzer\u00e1 v\u00fdstup?&nbsp;<\/strong><\/p>\n<p>Na\u0161i odborn\u00edci zanalyzuj\u00fa komunik\u00e1ciu na va\u0161ej sieti, zhroma\u017edia komplexn\u00e9 \u00fadaje o akt\u00edvnych hrozb\u00e1ch a&nbsp;v\u00fdstupom je analytick\u00fd dokument v&nbsp;tvare pdf, ktor\u00e9ho obsah v\u00e1m na\u0161i odborn\u00edci podrobne vysvetlia. &nbsp;<br><a href=\"https:\/\/intas.sk\/wp-content\/uploads\/2020\/04\/Security_Checkup_Anonymized.pdf\" target=\"_blank\" rel=\"noopener\"><u>Pozrite si, form\u00e1t v\u00fdstupu.<\/u><\/a><\/p>\n<p><strong>Ako sa CheckUp realizuje?<\/strong><\/p>\n<p>Donesieme zariadenie a&nbsp;pripoj\u00edme do va\u0161ej siete minim\u00e1lne na 1 t\u00fd\u017ede\u0148. Zariadenie zbiera a&nbsp;analyzuje \u00fadaje, ktor\u00e9 potom zhrnieme do pdf v\u00fdstupu.<\/p>\n<p><strong>Ovplyvni to moju be\u017en\u00fa pr\u00e1cu?<\/strong><\/p>\n<p>Neovplyvn\u00ed, zariadenie na sieti len pas\u00edvne po\u010d\u00fava, nie je v&nbsp;sieti akt\u00edvne.<\/p>\n<p><strong>Ak\u00e1 je cena?<\/strong><\/p>\n<p><b>300.-\u20ac<\/b><\/p>\n<p>Pr\u00eddeme, prinesieme, pripoj\u00edme, zozbierame d\u00e1ta, urob\u00edme anal\u00fdzu a&nbsp;vysvetl\u00edme v\u00e1m v\u00fdsledky.<\/p>\n<p><strong>Bonus?<\/strong><\/p>\n<p>Ak zist\u00edte, \u017ee v\u00e1m na\u0161e rie\u0161enie poskytuje viac ako to va\u0161e s\u00fa\u010dasn\u00e9, tak v\u00e1m pri prvej objedn\u00e1vke rie\u0161enia poskytneme ako jeden z&nbsp;bonusov z\u013eavu 300.-\u20ac<\/p>\n<p><a href=\"mailto: info@intas.sk\"><u>Nechajte kontakt, ozveme sa v\u00e1m!<\/u><\/a><\/p><\/div>\n\t\t\t\t<\/div>\n\t\t\t\t<\/div>\n\t\t\t\t\t\t<\/div>\n\t\t\t<\/div>\n\t\t<\/div>\n\t\t\t\t\t\t<\/div>\n\t\t\t<\/div>\n\t\t<\/section>\n\t\t\t\t<section class=\"elementor-element elementor-element-b5629c7 elementor-section-boxed elementor-section-height-default elementor-section-height-default elementor-section elementor-top-section\" data-id=\"b5629c7\" data-element_type=\"section\" data-settings=\"{&quot;shape_divider_top&quot;:&quot;opacity-tilt&quot;,&quot;shape_divider_bottom&quot;:&quot;opacity-tilt&quot;}\">\n\t\t\t\t\t<div class=\"elementor-shape elementor-shape-top\" data-negative=\"false\">\n\t\t\t<svg xmlns=\"http:\/\/www.w3.org\/2000\/svg\" viewBox=\"0 0 2600 131.1\" preserveAspectRatio=\"none\">\n\t<path class=\"elementor-shape-fill\" d=\"M0 0L2600 0 2600 69.1 0 0z\"\/>\n\t<path class=\"elementor-shape-fill\" style=\"opacity:0.5\" d=\"M0 0L2600 0 2600 69.1 0 69.1z\"\/>\n\t<path class=\"elementor-shape-fill\" style=\"opacity:0.25\" d=\"M2600 0L0 0 0 130.1 2600 69.1z\"\/>\n<\/svg>\t\t<\/div>\n\t\t\t\t<div class=\"elementor-shape elementor-shape-bottom\" data-negative=\"false\">\n\t\t\t<svg xmlns=\"http:\/\/www.w3.org\/2000\/svg\" viewBox=\"0 0 2600 131.1\" preserveAspectRatio=\"none\">\n\t<path class=\"elementor-shape-fill\" d=\"M0 0L2600 0 2600 69.1 0 0z\"\/>\n\t<path class=\"elementor-shape-fill\" style=\"opacity:0.5\" d=\"M0 0L2600 0 2600 69.1 0 69.1z\"\/>\n\t<path class=\"elementor-shape-fill\" style=\"opacity:0.25\" d=\"M2600 0L0 0 0 130.1 2600 69.1z\"\/>\n<\/svg>\t\t<\/div>\n\t\t\t\t\t<div class=\"elementor-container elementor-column-gap-default\">\n\t\t\t\t<div class=\"elementor-row\">\n\t\t\t\t<div class=\"elementor-element elementor-element-012727f elementor-column elementor-col-100 elementor-top-column\" data-id=\"012727f\" data-element_type=\"column\">\n\t\t\t<div class=\"elementor-column-wrap  elementor-element-populated\">\n\t\t\t\t\t<div class=\"elementor-widget-wrap\">\n\t\t\t\t<div class=\"elementor-element elementor-element-4008323 elementor-widget elementor-widget-spacer\" data-id=\"4008323\" data-element_type=\"widget\" data-widget_type=\"spacer.default\">\n\t\t\t\t<div class=\"elementor-widget-container\">\n\t\t\t\t\t<div class=\"elementor-spacer\">\n\t\t\t<div class=\"elementor-spacer-inner\"><\/div>\n\t\t<\/div>\n\t\t\t\t<\/div>\n\t\t\t\t<\/div>\n\t\t\t\t\t\t<\/div>\n\t\t\t<\/div>\n\t\t<\/div>\n\t\t\t\t\t\t<\/div>\n\t\t\t<\/div>\n\t\t<\/section>\n\t\t\t\t\t\t<\/div>\n\t\t\t<\/div>\n\t\t<\/div>\n\t\t","protected":false},"excerpt":{"rendered":"<p>\u010co je Security CheckUp a\u00a0ako mi pom\u00f4\u017ee? Najlep\u0161\u00ed a\u00a0najr\u00fdchlej\u0161\u00ed sp\u00f4sob ako sa dozviete o\u00a0probl\u00e9moch vo va\u0161ej sieti. Zist\u00edte, \u010di s\u00fa\u010dasn\u00e9 rie\u0161enie, ktor\u00e9 pou\u017e\u00edvate, v\u00e1m poskytuje dostato\u010dn\u00fa ochranu. \u010co sa dozviem? Po\u010det infekci\u00ed \u0161kodliv\u00fdm softv\u00e9rom.Pou\u017eitie vysoko rizikov\u00fdch webov\u00fdch aplik\u00e1ci\u00ed.Pokusy o prienik a\u00a0infekcie botnetom.Mo\u017enos\u0165 straty citliv\u00fdch \u00fadajov.Hrozby pre koncov\u00e9 body a mobiln\u00e9 zariadenia.K\u013e\u00fa\u010dov\u00e9 odpor\u00fa\u010dania na ochranu va\u0161ej [&hellip;]<\/p>\n","protected":false},"author":1,"featured_media":0,"parent":0,"menu_order":0,"comment_status":"closed","ping_status":"closed","template":"","meta":{"footnotes":""},"class_list":["post-613","page","type-page","status-publish","hentry","entry"],"_links":{"self":[{"href":"https:\/\/intas.sk\/index.php\/wp-json\/wp\/v2\/pages\/613"}],"collection":[{"href":"https:\/\/intas.sk\/index.php\/wp-json\/wp\/v2\/pages"}],"about":[{"href":"https:\/\/intas.sk\/index.php\/wp-json\/wp\/v2\/types\/page"}],"author":[{"embeddable":true,"href":"https:\/\/intas.sk\/index.php\/wp-json\/wp\/v2\/users\/1"}],"replies":[{"embeddable":true,"href":"https:\/\/intas.sk\/index.php\/wp-json\/wp\/v2\/comments?post=613"}],"version-history":[{"count":25,"href":"https:\/\/intas.sk\/index.php\/wp-json\/wp\/v2\/pages\/613\/revisions"}],"predecessor-version":[{"id":737,"href":"https:\/\/intas.sk\/index.php\/wp-json\/wp\/v2\/pages\/613\/revisions\/737"}],"wp:attachment":[{"href":"https:\/\/intas.sk\/index.php\/wp-json\/wp\/v2\/media?parent=613"}],"curies":[{"name":"wp","href":"https:\/\/api.w.org\/{rel}","templated":true}]}}